{"id":16362,"date":"2024-01-03T14:44:44","date_gmt":"2024-01-03T20:44:44","guid":{"rendered":"https:\/\/www.beatsocialcr.com\/cr\/?page_id=16362"},"modified":"2025-10-18T11:42:19","modified_gmt":"2025-10-18T17:42:19","slug":"politica-de-privacidad","status":"publish","type":"page","link":"https:\/\/www.beatsocialcr.com\/cr\/politica-de-privacidad\/","title":{"rendered":"Politicas de Privacidad"},"content":{"rendered":"\t\t<div data-elementor-type=\"wp-page\" data-elementor-id=\"16362\" class=\"elementor elementor-16362\">\n\t\t\t\t\t\t<section class=\"elementor-section elementor-top-section elementor-element elementor-element-a0e1211 elementor-section-stretched elementor-section-full_width elementor-section-height-default elementor-section-height-default\" data-id=\"a0e1211\" data-element_type=\"section\" data-e-type=\"section\" data-settings=\"{&quot;stretch_section&quot;:&quot;section-stretched&quot;,&quot;background_background&quot;:&quot;classic&quot;}\">\n\t\t\t\t\t\t\t<div class=\"elementor-background-overlay\"><\/div>\n\t\t\t\t\t\t\t<div class=\"elementor-container elementor-column-gap-default\">\n\t\t\t\t\t<div class=\"elementor-column elementor-col-100 elementor-top-column elementor-element elementor-element-cf59572\" data-id=\"cf59572\" data-element_type=\"column\" data-e-type=\"column\" data-settings=\"{&quot;background_background&quot;:&quot;classic&quot;}\">\n\t\t\t<div class=\"elementor-widget-wrap elementor-element-populated\">\n\t\t\t\t\t\t<div class=\"elementor-element elementor-element-fff14f0 elementor-widget elementor-widget-proradio-elementor-spacer\" data-id=\"fff14f0\" data-element_type=\"widget\" data-e-type=\"widget\" data-widget_type=\"proradio-elementor-spacer.default\">\n\t\t\t\t<div class=\"elementor-widget-container\">\n\t\t\t\t\t\t\t\t<div class=\"proradio-spacer-l\"><hr><\/div>\n\t\t\t\t\t\t<\/div>\n\t\t\t\t<\/div>\n\t\t\t\t\t<\/div>\n\t\t<\/div>\n\t\t\t\t\t<\/div>\n\t\t<\/section>\n\t\t<div class=\"elementor-element elementor-element-0905d25 e-flex e-con-boxed e-con e-parent\" data-id=\"0905d25\" data-element_type=\"container\" data-e-type=\"container\">\n\t\t\t\t\t<div class=\"e-con-inner\">\n\t\t\t\t<div class=\"elementor-element elementor-element-15b40fb elementor-widget elementor-widget-text-editor\" data-id=\"15b40fb\" data-element_type=\"widget\" data-e-type=\"widget\" data-widget_type=\"text-editor.default\">\n\t\t\t\t<div class=\"elementor-widget-container\">\n\t\t\t\t\t\t\t\t\t<h2 class=\"wp-block-heading\">Qui\u00e9nes somos<\/h2><p>La direcci\u00f3n de nuestra web es:\u00a0<a href=\"https:\/\/www.beatsocialcr.com\/\">https:\/\/www.beatsocialcr.com<\/a>\u00a0.<\/p><p>Somos una empresa dedicada al entretenimiento con los siguientes servicios:<\/p><ul><li>Boleteria (Ticket Electr\u00f3nicos) para diferente tipos de eventos.<\/li><li>Catering Service<\/li><li>Disco M\u00f3vil<\/li><\/ul><h2 class=\"wp-block-heading\">Recopilaci\u00f3n de Informaci\u00f3n:<\/h2><p>Cuando los visitantes realizan compras, reservas, formularios de consultas, etc en la p\u00e1gina web de\u00a0<strong>Beat Social Costa Rica Ltda<\/strong>, recopilamos la informaci\u00f3n personal del usuario tales como: Nombre completo, Tel\u00e9fono de contacto y correo electr\u00f3nico, as\u00ed como la direcci\u00f3n IP del visitante y la cadena de agentes de usuario del navegador para ayudar a la detecci\u00f3n de spam.<\/p><p>Al utilizar los servicios el Usuario expresamente autoriza a\u00a0<b>BeatSocial Costa Rica Ltda\u00a0<\/b>(BeatSocial), con c\u00e9dula de persona jur\u00eddica n\u00famero tres \u2013 ciento dos \u2013 nueve uno ocho seis nueve cinco, el uso de sus datos personales, por medio del env\u00edo de correos electr\u00f3nicos y WhatsApp sobre promociones, eventos, invitaciones, mensajes de bienvenida, encuestas, notificaciones, estudios de mercado, confirmaciones de venta y env\u00edos de informaci\u00f3n en general.<\/p><p><b>BeatSocial Costa Rica Ltda, NO COMPARTIR\u00c1\u00a0<\/b>su informaci\u00f3n personal con patrocinadores, publicistas, contratistas y\/o socios comerciales, a fin de salvaguardar su informaci\u00f3n, toda comunicaci\u00f3n de eventos, invitaciones, mensajes de bienvenida, encuestas, notificaciones, estudios de mercado, confirmaciones de venta y env\u00edos de informaci\u00f3n en general vendr\u00e1 \u00fanica y exclusivamente de\u00a0\u00a0<strong>BeatSocial Costa Rica Ltda<\/strong>.<\/p><p>La informaci\u00f3n que el Usuario proporcione podr\u00e1 ser utilizada para: analisis estad\u00edsticos, investigaci\u00f3n de mercadeo, as\u00ed como el env\u00edo de cualquier informaci\u00f3n relacionada con actividades o promociones de eventos publicados en <strong>BeatSocial Costa Rica Ltda.<\/strong><\/p><p><strong>BeatSocial Costa Rica Ltda, NO GUARDA\u00a0<\/strong>ninguna informaci\u00f3n relacionada a datos bancarios o tarjetas de cr\u00e9dito, todo el procesamiento es realizado mediante la pasarela de pago: <strong>Tilo Pay Soluciones Comerciales Ltda<\/strong>.<\/p><h2 class=\"wp-block-heading\">Cookies<\/h2><p>Si dejas un comentario en nuestro sitio puedes elegir guardar tu nombre, direcci\u00f3n de correo electr\u00f3nico y web en cookies. Esto es para tu comodidad, para que no tengas que volver a rellenar tus datos cuando dejes otro comentario. Estas cookies tendr\u00e1n una duraci\u00f3n de un a\u00f1o.<\/p><p>Si tienes una cuenta y te conectas a este sitio, instalaremos una cookie temporal para determinar si tu navegador acepta cookies. Esta cookie no contiene datos personales y se elimina al cerrar el navegador.<\/p><p>Cuando accedas, tambi\u00e9n instalaremos varias cookies para guardar tu informaci\u00f3n de acceso y tus opciones de visualizaci\u00f3n de pantalla. Las cookies de acceso duran dos d\u00edas, y las cookies de opciones de pantalla duran un a\u00f1o. Si seleccionas \u00abRecu\u00e9rdarme\u00bb, tu acceso perdurar\u00e1 durante dos semanas. Si sales de tu cuenta, las cookies de acceso se eliminar\u00e1n.<\/p><p>Si editas o publicas un art\u00edculo se guardar\u00e1 una cookie adicional en tu navegador. Esta cookie no incluye datos personales y simplemente indica el ID del art\u00edculo que acabas de editar. Caduca despu\u00e9s de 1 d\u00eda.<\/p><h2 class=\"wp-block-heading\">Contenido incrustado de otros sitios web<\/h2><p>Los art\u00edculos de este sitio pueden incluir contenido incrustado (por ejemplo, v\u00eddeos, im\u00e1genes, art\u00edculos, etc.). El contenido incrustado de otras webs se comporta exactamente de la misma manera que si el visitante hubiera visitado la otra web.<\/p><p>Estas web pueden recopilar datos sobre ti, utilizar cookies, incrustar un seguimiento adicional de terceros, y supervisar tu interacci\u00f3n con ese contenido incrustado, incluido el seguimiento de tu interacci\u00f3n con el contenido incrustado si tienes una cuenta y est\u00e1s conectado a esa web.<\/p><h2>Eliminaci\u00f3n de Datos<\/h2><p>En caso que el Usuario desee rectificar, eliminar, cancelar u oponerse al Tratamiento de sus Datos Personales, en t\u00e9rminos de \u00e9ste Acuerdo, deber\u00e1 hacerlo mediante el env\u00edo de un correo electr\u00f3nico a la direcci\u00f3n: <a href=\"mailto:admin@beatsocialcr.com\">admin@beatsocialcr.com<\/a> en donde deber\u00e1 mencionar su deseo de rectificar, revocar y\/o cancelar su consentimiento de uso de sus Datos Personales.<\/p>\t\t\t\t\t\t\t\t<\/div>\n\t\t\t\t<\/div>\n\t\t\t\t<div class=\"elementor-element elementor-element-49a552d elementor-widget elementor-widget-proradio-elementor-spacer\" data-id=\"49a552d\" data-element_type=\"widget\" data-e-type=\"widget\" data-widget_type=\"proradio-elementor-spacer.default\">\n\t\t\t\t<div class=\"elementor-widget-container\">\n\t\t\t\t\t\t\t\t<div class=\"proradio-spacer-m\"><hr><\/div>\n\t\t\t\t\t\t<\/div>\n\t\t\t\t<\/div>\n\t\t\t\t\t<\/div>\n\t\t\t\t<\/div>\n\t\t\t\t<\/div>\n\t\t","protected":false},"excerpt":{"rendered":"<p>Qui\u00e9nes somos La direcci\u00f3n de nuestra web es:\u00a0https:\/\/www.beatsocialcr.com\u00a0. Somos una empresa dedicada al entretenimiento con los siguientes servicios: Boleteria (Ticket Electr\u00f3nicos) para diferente tipos de eventos. Catering Service Disco M\u00f3vil Recopilaci\u00f3n de Informaci\u00f3n: Cuando los visitantes realizan compras, reservas, formularios de consultas, etc en la p\u00e1gina web de\u00a0Beat Social Costa ...<\/p>\n","protected":false},"author":1,"featured_media":0,"parent":0,"menu_order":0,"comment_status":"closed","ping_status":"closed","template":"","meta":{"footnotes":""},"class_list":["post-16362","page","type-page","status-publish","hentry"],"_links":{"self":[{"href":"https:\/\/www.beatsocialcr.com\/cr\/wp-json\/wp\/v2\/pages\/16362","targetHints":{"allow":["GET"]}}],"collection":[{"href":"https:\/\/www.beatsocialcr.com\/cr\/wp-json\/wp\/v2\/pages"}],"about":[{"href":"https:\/\/www.beatsocialcr.com\/cr\/wp-json\/wp\/v2\/types\/page"}],"author":[{"embeddable":true,"href":"https:\/\/www.beatsocialcr.com\/cr\/wp-json\/wp\/v2\/users\/1"}],"replies":[{"embeddable":true,"href":"https:\/\/www.beatsocialcr.com\/cr\/wp-json\/wp\/v2\/comments?post=16362"}],"version-history":[{"count":14,"href":"https:\/\/www.beatsocialcr.com\/cr\/wp-json\/wp\/v2\/pages\/16362\/revisions"}],"predecessor-version":[{"id":17092,"href":"https:\/\/www.beatsocialcr.com\/cr\/wp-json\/wp\/v2\/pages\/16362\/revisions\/17092"}],"wp:attachment":[{"href":"https:\/\/www.beatsocialcr.com\/cr\/wp-json\/wp\/v2\/media?parent=16362"}],"curies":[{"name":"wp","href":"https:\/\/api.w.org\/{rel}","templated":true}]}}