{"id":16206,"date":"2024-01-03T14:44:44","date_gmt":"2024-01-03T20:44:44","guid":{"rendered":"https:\/\/www.beatsocialcr.com\/cr\/?page_id=16206"},"modified":"2025-10-18T11:39:59","modified_gmt":"2025-10-18T17:39:59","slug":"terminos-y-condiciones","status":"publish","type":"page","link":"https:\/\/www.beatsocialcr.com\/cr\/terminos-y-condiciones\/","title":{"rendered":"T\u00e9rminos y Condiciones"},"content":{"rendered":"\t\t<div data-elementor-type=\"wp-page\" data-elementor-id=\"16206\" class=\"elementor elementor-16206\">\n\t\t\t\t\t\t<section class=\"elementor-section elementor-top-section elementor-element elementor-element-a0e1211 elementor-section-stretched elementor-section-full_width elementor-section-height-default elementor-section-height-default\" data-id=\"a0e1211\" data-element_type=\"section\" data-e-type=\"section\" data-settings=\"{&quot;stretch_section&quot;:&quot;section-stretched&quot;,&quot;background_background&quot;:&quot;classic&quot;}\">\n\t\t\t\t\t\t\t<div class=\"elementor-background-overlay\"><\/div>\n\t\t\t\t\t\t\t<div class=\"elementor-container elementor-column-gap-default\">\n\t\t\t\t\t<div class=\"elementor-column elementor-col-100 elementor-top-column elementor-element elementor-element-cf59572\" data-id=\"cf59572\" data-element_type=\"column\" data-e-type=\"column\" data-settings=\"{&quot;background_background&quot;:&quot;classic&quot;}\">\n\t\t\t<div class=\"elementor-widget-wrap elementor-element-populated\">\n\t\t\t\t\t\t<div class=\"elementor-element elementor-element-fff14f0 elementor-widget elementor-widget-proradio-elementor-spacer\" data-id=\"fff14f0\" data-element_type=\"widget\" data-e-type=\"widget\" data-widget_type=\"proradio-elementor-spacer.default\">\n\t\t\t\t<div class=\"elementor-widget-container\">\n\t\t\t\t\t\t\t\t<div class=\"proradio-spacer-l\"><hr><\/div>\n\t\t\t\t\t\t<\/div>\n\t\t\t\t<\/div>\n\t\t\t\t\t<\/div>\n\t\t<\/div>\n\t\t\t\t\t<\/div>\n\t\t<\/section>\n\t\t<div class=\"elementor-element elementor-element-0905d25 e-flex e-con-boxed e-con e-parent\" data-id=\"0905d25\" data-element_type=\"container\" data-e-type=\"container\">\n\t\t\t\t\t<div class=\"e-con-inner\">\n\t\t\t\t<div class=\"elementor-element elementor-element-15b40fb elementor-widget elementor-widget-text-editor\" data-id=\"15b40fb\" data-element_type=\"widget\" data-e-type=\"widget\" data-widget_type=\"text-editor.default\">\n\t\t\t\t<div class=\"elementor-widget-container\">\n\t\t\t\t\t\t\t\t\t<p><strong>Compraventa<\/strong>. La aceptaci\u00f3n de estos t\u00e9rminos y condiciones constituye un Contrato de Compraventa entre <strong>BeatSocial Costa Rica Ltda.<\/strong> en adelante <strong>BeatSocial<\/strong> y la persona que est\u00e1 comprando boletos, en adelante el cliente.<\/p>\n<p>Autorizaci\u00f3n. Tu compra est\u00e1 sujeta a la autorizaci\u00f3n y verificaci\u00f3n la tarjeta de cr\u00e9dito y d\u00e9bito de tu banco.<\/p>\n<p>Cambios, Reembolsos y Cancelaciones del Evento. No existen cambios, reembolsos, ni cancelaciones. Para el caso de eventos cancelados por causas ajenas a <strong>BeatSocial<\/strong> el reembolso se har\u00e1 \u00fanicamente por el precio del boleto, <strong>sin incluir cargos por servicio<\/strong>.<\/p>\n<p>En caso de cancelaci\u00f3n del evento, la devoluci\u00f3n del costo del boleto ser\u00e1 entregada en el lugar, d\u00edas y horas que <strong>BeatSocial<\/strong> se\u00f1ale para tal efecto.<\/p>\n<p>L\u00edmite de Boletos. El l\u00edmite de boletos que se podr\u00e1n adquirir es hasta un m\u00e1ximo de 10 boletos por persona. En caso de superarlo, se cancelar\u00e1n los boletos excedentes sin previo aviso.<\/p>\n<p>Cargos por Servicio. Cada boleto comprado a trav\u00e9s de la plataforma de <strong>BeatSocial<\/strong>, est\u00e1 sujeto a un cargo por servicio adicional al precio del boleto, cargo que est\u00e1s aceptando pagar al momento de aceptar estos t\u00e9rminos y condiciones.<\/p>\n<p>Precauciones. Antes de hacer tu compra por favor revisa cuidadosamente el evento, secci\u00f3n, fecha y n\u00famero de boletos solicitados, ya que una vez realizada \u00e9sta no hay cambios, reembolsos ni devoluciones.<\/p>\n<p>Responsabilidad del cliente. El cliente siempre en el momento de la compra deber\u00e1 considera la ubicaci\u00f3n dentro del inmueble que se adecue m\u00e1s al cuidado y resguardo de su edad y de su condici\u00f3n de salud.<\/p>\n<p>Solo podr\u00e1s realizar compras por <strong>BeatSocial <\/strong>Online desde la apertura de venta de boletos hasta el momento de cierre de la venta.<\/p>\n<p>Reposici\u00f3n de Boletos. Cuando recibas tus boletos gu\u00e1rdalos en un lugar seguro. <strong>BeatSocial <\/strong>no realiza reposici\u00f3n\/reimpresi\u00f3n\/reenvio de boletos si \u00e9stos han sido perdidos, robados o da\u00f1ados, quedando \u00e9stos exclusivamente bajo la responsabilidad del cliente.<\/p>\n<p>Transferencia de boletos. <strong>BeatSocial<\/strong> no puede transferir o eliminar un boleto sin la autorizaci\u00f3n por escrita del organizador del evento.<\/p>\n<p>Atenci\u00f3n a Clientes. Si presentas alg\u00fan problema al realizar tu compra, por favor comun\u00edcate al departamento de servicio a clientes en la secci\u00f3n de contacto de nuestro sitio web: https:\/\/www.beatsocialcr.com<\/p>\n<p>Responsabilidad de BeatSocial. <strong>BeatSocial <\/strong>es una empresa independiente, contratada \u00fanicamente para la venta de Boletos, por lo que no se hace responsable de la calidad o contenido del evento, ni de los actos o consecuencias que dicho evento pueda tener, por lo que se libera de toda responsabilidad a <strong>BeatSocial<\/strong>.<\/p>\n<p>Pol\u00edticas de Privacidad. Para que <strong>BeatSocial <\/strong>pueda proveer los servicios o productos solicitados es necesario recabar informaci\u00f3n escencial de los &#8220;Datos Personales&#8221; del Usuario que compra y los asistentes al evento, datos tales como: Nombre Completo, direcci\u00f3n, tel\u00e9fono y correo electr\u00f3nico. M\u00e1s detalle en nuestra <strong><a href=\"https:\/\/www.beatsocialcr.com\/site\/privacidad\/\">pol\u00edtica de privacidad<\/a><\/strong>.<\/p>\n<p>Al realizar una compra de <strong>BeatSocial<\/strong>, el Usuario autoriza a <strong>BeatSocial<\/strong>, para recibir comunicaciones y compartir informaci\u00f3n, para que por s\u00ed mismo o mediante terceros le envi\u00e9 comunicaciones sobre promociones, pr\u00f3ximos eventos, invitaciones, mensajes de bienvenida, encuestas, notificaciones, estudios de mercado y confirmaciones de venta.<\/p>\n<p>En caso de que el Usuario acepte la transferencia de sus Datos Personales, le informamos que <strong>BeatSocial <\/strong>comunicar\u00e1 a los terceros a quienes se les transfieran los Datos Personales este Aviso de Privacidad y las finalidades a las que el Usuario sujet\u00f3 el Tratamiento de sus Datos Personales.<\/p>\n<p>En caso de que el Usuario desee acceder, rectificar, cancelar u oponerse al tratamiento de sus Datos Personales en t\u00e9rminos de \u00e9ste Aviso de Privacidad deber\u00e1 de envair un correo electr\u00f3nico a la direcci\u00f3n: admin@beatsocialcr.com, en donde deber\u00e1 mencionar su deseo de accesar, rectificar, revocar y\/o cancelar su consentimiento de uso de sus Datos Personales.<\/p>\t\t\t\t\t\t\t\t<\/div>\n\t\t\t\t<\/div>\n\t\t\t\t<div class=\"elementor-element elementor-element-49a552d elementor-widget elementor-widget-proradio-elementor-spacer\" data-id=\"49a552d\" data-element_type=\"widget\" data-e-type=\"widget\" data-widget_type=\"proradio-elementor-spacer.default\">\n\t\t\t\t<div class=\"elementor-widget-container\">\n\t\t\t\t\t\t\t\t<div class=\"proradio-spacer-m\"><hr><\/div>\n\t\t\t\t\t\t<\/div>\n\t\t\t\t<\/div>\n\t\t\t\t\t<\/div>\n\t\t\t\t<\/div>\n\t\t\t\t<\/div>\n\t\t","protected":false},"excerpt":{"rendered":"<p>Compraventa. La aceptaci\u00f3n de estos t\u00e9rminos y condiciones constituye un Contrato de Compraventa entre BeatSocial Costa Rica Ltda. en adelante BeatSocial y la persona que est\u00e1 comprando boletos, en adelante el cliente. Autorizaci\u00f3n. Tu compra est\u00e1 sujeta a la autorizaci\u00f3n y verificaci\u00f3n la tarjeta de cr\u00e9dito y d\u00e9bito de tu ...<\/p>\n","protected":false},"author":1,"featured_media":0,"parent":0,"menu_order":0,"comment_status":"closed","ping_status":"closed","template":"","meta":{"footnotes":""},"class_list":["post-16206","page","type-page","status-publish","hentry"],"_links":{"self":[{"href":"https:\/\/www.beatsocialcr.com\/cr\/wp-json\/wp\/v2\/pages\/16206","targetHints":{"allow":["GET"]}}],"collection":[{"href":"https:\/\/www.beatsocialcr.com\/cr\/wp-json\/wp\/v2\/pages"}],"about":[{"href":"https:\/\/www.beatsocialcr.com\/cr\/wp-json\/wp\/v2\/types\/page"}],"author":[{"embeddable":true,"href":"https:\/\/www.beatsocialcr.com\/cr\/wp-json\/wp\/v2\/users\/1"}],"replies":[{"embeddable":true,"href":"https:\/\/www.beatsocialcr.com\/cr\/wp-json\/wp\/v2\/comments?post=16206"}],"version-history":[{"count":29,"href":"https:\/\/www.beatsocialcr.com\/cr\/wp-json\/wp\/v2\/pages\/16206\/revisions"}],"predecessor-version":[{"id":17089,"href":"https:\/\/www.beatsocialcr.com\/cr\/wp-json\/wp\/v2\/pages\/16206\/revisions\/17089"}],"wp:attachment":[{"href":"https:\/\/www.beatsocialcr.com\/cr\/wp-json\/wp\/v2\/media?parent=16206"}],"curies":[{"name":"wp","href":"https:\/\/api.w.org\/{rel}","templated":true}]}}